{"id":2,"date":"2022-12-28T17:05:53","date_gmt":"2022-12-28T17:05:53","guid":{"rendered":"http:\/\/mydigitid.com\/?page_id=2"},"modified":"2023-02-01T15:55:37","modified_gmt":"2023-02-01T15:55:37","slug":"terms-and-conditions","status":"publish","type":"page","link":"https:\/\/mydigitid.com\/fr\/terms-and-conditions\/","title":{"rendered":"Conditions g\u00e9n\u00e9rales"},"content":{"rendered":"<div data-elementor-type=\"wp-page\" data-elementor-id=\"2\" class=\"elementor elementor-2\">\n\t\t\t\t\t\t<section class=\"elementor-section elementor-top-section elementor-element elementor-element-7ddc3e elementor-section-boxed elementor-section-height-default elementor-section-height-default\" data-id=\"7ddc3e\" data-element_type=\"section\">\n\t\t\t\t\t\t<div class=\"elementor-container elementor-column-gap-default\">\n\t\t\t\t\t<div class=\"elementor-column elementor-col-100 elementor-top-column elementor-element elementor-element-43a0f221\" data-id=\"43a0f221\" data-element_type=\"column\">\n\t\t\t<div class=\"elementor-widget-wrap elementor-element-populated\">\n\t\t\t\t\t\t<div class=\"elementor-element elementor-element-4cb91605 elementor-widget elementor-widget-text-editor\" data-id=\"4cb91605\" data-element_type=\"widget\" data-widget_type=\"text-editor.default\">\n\t\t\t\t<div class=\"elementor-widget-container\">\n\t\t\t<style>\/*! elementor - v3.19.0 - 07-02-2024 *\/\n.elementor-widget-text-editor.elementor-drop-cap-view-stacked .elementor-drop-cap{background-color:#69727d;color:#fff}.elementor-widget-text-editor.elementor-drop-cap-view-framed .elementor-drop-cap{color:#69727d;border:3px solid;background-color:transparent}.elementor-widget-text-editor:not(.elementor-drop-cap-view-default) .elementor-drop-cap{margin-top:8px}.elementor-widget-text-editor:not(.elementor-drop-cap-view-default) .elementor-drop-cap-letter{width:1em;height:1em}.elementor-widget-text-editor .elementor-drop-cap{float:left;text-align:center;line-height:1;font-size:50px}.elementor-widget-text-editor .elementor-drop-cap-letter{display:inline-block}<\/style>\t\t\t\t<h3>Conditions d'utilisation de My Digital Identity :<\/h3>\n<p>Bienvenue \u00e0 My Digital Identity, une agence de services web et un partenaire de croissance qui aide les entreprises \u00e0 se d\u00e9velopper sur le web. En utilisant notre site Web et nos services, vous acceptez d'\u00eatre li\u00e9 par les pr\u00e9sentes conditions g\u00e9n\u00e9rales. Veuillez lire attentivement ces conditions g\u00e9n\u00e9rales avant d'utiliser notre site web et nos services.<\/p>\n<p><strong>Service Description<\/strong><\/p>\n<p>My Digital Identity propose une gamme de services web, notamment la conception et le d\u00e9veloppement de sites web, le marketing num\u00e9rique et les strat\u00e9gies de croissance en ligne. Nos services sont con\u00e7us pour aider les entreprises \u00e0 se d\u00e9velopper sur le web et \u00e0 atteindre leurs objectifs en ligne.<\/p>\n<p><strong>Disponibilit\u00e9 du service<\/strong><\/p>\n<p>Nos services sont disponibles dans le monde entier, sous r\u00e9serve de disponibilit\u00e9 dans votre r\u00e9gion. Bien que nous nous efforcions de fournir nos services en temps utile et de mani\u00e8re professionnelle, nous ne garantissons pas que nos services seront disponibles \u00e0 tout moment et nous nous r\u00e9servons le droit de modifier ou d'interrompre nos services \u00e0 tout moment.<\/p>\n<p><strong>Responsabilit\u00e9 du client<\/strong><\/p>\n<p>En tant que client de My Digital Identity, vous \u00eates tenu de fournir des informations exactes et compl\u00e8tes sur votre entreprise et de vous assurer que toutes les informations que vous fournissez sont l\u00e9gales et n'enfreignent pas les droits de tiers. Vous \u00eates \u00e9galement tenu de vous conformer \u00e0 toutes les lois et r\u00e9glementations applicables dans le cadre de votre utilisation de nos services.<\/p>\n<p><strong>Droits de propri\u00e9t\u00e9 intellectuelle<\/strong><\/p>\n<p>Tous les droits de propri\u00e9t\u00e9 intellectuelle sur le contenu et les supports fournis par le biais de notre site Web et de nos services appartiennent \u00e0 My Digital Identity ou \u00e0 ses conc\u00e9dants de licence. Vous disposez d'une licence limit\u00e9e, non exclusive et non transf\u00e9rable pour utiliser le contenu et les \u00e9l\u00e9ments dans le but d'utiliser nos services et d'atteindre vos objectifs en ligne.<\/p>\n<p><strong>Confidentialit\u00e9 <\/strong><\/p>\n<p>My Digital Identity s'engage \u00e0 pr\u00e9server la confidentialit\u00e9 de toutes les informations que vous fournissez et \u00e0 n'utiliser vos informations que dans le but de fournir nos services.<\/p>\n<p><strong>Limitation de la responsabilit\u00e9<\/strong><\/p>\n<p>My Digital Identity n'est pas responsable des dommages ou pertes r\u00e9sultant de votre utilisation de nos services ou de la confiance que vous accordez aux informations fournies par le biais de notre site Web et de nos services. Notre responsabilit\u00e9 envers vous est limit\u00e9e au montant que vous avez pay\u00e9 pour nos services.<\/p>\n<p><strong>Modification des conditions g\u00e9n\u00e9rales<\/strong><\/p>\n<p>My Digital Identity se r\u00e9serve le droit de modifier les pr\u00e9sentes conditions g\u00e9n\u00e9rales \u00e0 tout moment et sans pr\u00e9avis. En continuant \u00e0 utiliser notre site web et nos services apr\u00e8s une telle modification, vous acceptez les conditions g\u00e9n\u00e9rales modifi\u00e9es.<\/p>\n<p><strong>Droit applicable<\/strong><\/p>\n<p>Les pr\u00e9sentes conditions g\u00e9n\u00e9rales sont r\u00e9gies par les lois du Royaume-Uni.<\/p>\n<p><strong>Contactez Nous<\/strong><\/p>\n<p>Si vous avez des questions ou des pr\u00e9occupations concernant les pr\u00e9sentes conditions g\u00e9n\u00e9rales, veuillez nous contacter \u00e0 l'adresse suivante : <i>contact@mydigitid.com<\/i><\/p>\t\t\t\t\t\t<\/div>\n\t\t\t\t<\/div>\n\t\t\t\t\t<\/div>\n\t\t<\/div>\n\t\t\t\t\t<\/div>\n\t\t<\/section>\n\t\t\t\t<\/div>","protected":false},"excerpt":{"rendered":"<p>Terms and Conditions for My Digital Identity : Welcome to My Digital Identity, a web services agency and growth partner that helps [&hellip;]<\/p>","protected":false},"author":1,"featured_media":0,"parent":0,"menu_order":0,"comment_status":"closed","ping_status":"open","template":"elementor_header_footer","meta":[],"yoast_head":"<!-- This site is optimized with the Yoast SEO plugin v21.1 - https:\/\/yoast.com\/wordpress\/plugins\/seo\/ -->\n<title>Terms and Conditions - My Digital Identity<\/title>\n<meta name=\"robots\" content=\"index, follow, max-snippet:-1, max-image-preview:large, max-video-preview:-1\" \/>\n<link rel=\"canonical\" href=\"https:\/\/mydigitid.com\/fr\/terms-and-conditions\/\" \/>\n<meta property=\"og:locale\" content=\"fr_FR\" \/>\n<meta property=\"og:type\" content=\"article\" \/>\n<meta property=\"og:title\" content=\"Terms and Conditions - My Digital Identity\" \/>\n<meta property=\"og:description\" content=\"Terms and Conditions for My Digital Identity : Welcome to My Digital Identity, a web services agency and growth partner that helps [&hellip;]\" \/>\n<meta property=\"og:url\" content=\"https:\/\/mydigitid.com\/fr\/terms-and-conditions\/\" \/>\n<meta property=\"og:site_name\" content=\"My Digital Identity\" \/>\n<meta property=\"article:modified_time\" content=\"2023-02-01T15:55:37+00:00\" \/>\n<meta name=\"twitter:card\" content=\"summary_large_image\" \/>\n<meta name=\"twitter:label1\" content=\"Dur\u00e9e de lecture estim\u00e9e\" \/>\n\t<meta name=\"twitter:data1\" content=\"2 minutes\" \/>\n<script type=\"application\/ld+json\" class=\"yoast-schema-graph\">{\"@context\":\"https:\/\/schema.org\",\"@graph\":[{\"@type\":\"WebPage\",\"@id\":\"https:\/\/mydigitid.com\/terms-and-conditions\/\",\"url\":\"https:\/\/mydigitid.com\/terms-and-conditions\/\",\"name\":\"Terms and Conditions - My Digital Identity\",\"isPartOf\":{\"@id\":\"https:\/\/mydigitid.com\/#website\"},\"datePublished\":\"2022-12-28T17:05:53+00:00\",\"dateModified\":\"2023-02-01T15:55:37+00:00\",\"breadcrumb\":{\"@id\":\"https:\/\/mydigitid.com\/terms-and-conditions\/#breadcrumb\"},\"inLanguage\":\"fr-FR\",\"potentialAction\":[{\"@type\":\"ReadAction\",\"target\":[\"https:\/\/mydigitid.com\/terms-and-conditions\/\"]}]},{\"@type\":\"BreadcrumbList\",\"@id\":\"https:\/\/mydigitid.com\/terms-and-conditions\/#breadcrumb\",\"itemListElement\":[{\"@type\":\"ListItem\",\"position\":1,\"name\":\"Home\",\"item\":\"https:\/\/mydigitid.com\/\"},{\"@type\":\"ListItem\",\"position\":2,\"name\":\"Terms and Conditions\"}]},{\"@type\":\"WebSite\",\"@id\":\"https:\/\/mydigitid.com\/#website\",\"url\":\"https:\/\/mydigitid.com\/\",\"name\":\"My Digital ID\",\"description\":\"For Beauty, Spa and massage centers\",\"publisher\":{\"@id\":\"https:\/\/mydigitid.com\/#organization\"},\"potentialAction\":[{\"@type\":\"SearchAction\",\"target\":{\"@type\":\"EntryPoint\",\"urlTemplate\":\"https:\/\/mydigitid.com\/?s={search_term_string}\"},\"query-input\":\"required name=search_term_string\"}],\"inLanguage\":\"fr-FR\"},{\"@type\":\"Organization\",\"@id\":\"https:\/\/mydigitid.com\/#organization\",\"name\":\"My Digital ID\",\"url\":\"https:\/\/mydigitid.com\/\",\"logo\":{\"@type\":\"ImageObject\",\"inLanguage\":\"fr-FR\",\"@id\":\"https:\/\/mydigitid.com\/#\/schema\/logo\/image\/\",\"url\":\"http:\/\/mydigitid.com\/wp-content\/uploads\/2023\/02\/logo-my-digital-identity.png\",\"contentUrl\":\"http:\/\/mydigitid.com\/wp-content\/uploads\/2023\/02\/logo-my-digital-identity.png\",\"width\":360,\"height\":115,\"caption\":\"My Digital ID\"},\"image\":{\"@id\":\"https:\/\/mydigitid.com\/#\/schema\/logo\/image\/\"}}]}<\/script>\n<!-- \/ Yoast SEO plugin. -->","yoast_head_json":{"title":"Terms and Conditions - My Digital Identity","robots":{"index":"index","follow":"follow","max-snippet":"max-snippet:-1","max-image-preview":"max-image-preview:large","max-video-preview":"max-video-preview:-1"},"canonical":"https:\/\/mydigitid.com\/fr\/terms-and-conditions\/","og_locale":"fr_FR","og_type":"article","og_title":"Terms and Conditions - My Digital Identity","og_description":"Terms and Conditions for My Digital Identity : Welcome to My Digital Identity, a web services agency and growth partner that helps [&hellip;]","og_url":"https:\/\/mydigitid.com\/fr\/terms-and-conditions\/","og_site_name":"My Digital Identity","article_modified_time":"2023-02-01T15:55:37+00:00","twitter_card":"summary_large_image","twitter_misc":{"Dur\u00e9e de lecture estim\u00e9e":"2 minutes"},"schema":{"@context":"https:\/\/schema.org","@graph":[{"@type":"WebPage","@id":"https:\/\/mydigitid.com\/terms-and-conditions\/","url":"https:\/\/mydigitid.com\/terms-and-conditions\/","name":"Terms and Conditions - My Digital Identity","isPartOf":{"@id":"https:\/\/mydigitid.com\/#website"},"datePublished":"2022-12-28T17:05:53+00:00","dateModified":"2023-02-01T15:55:37+00:00","breadcrumb":{"@id":"https:\/\/mydigitid.com\/terms-and-conditions\/#breadcrumb"},"inLanguage":"fr-FR","potentialAction":[{"@type":"ReadAction","target":["https:\/\/mydigitid.com\/terms-and-conditions\/"]}]},{"@type":"BreadcrumbList","@id":"https:\/\/mydigitid.com\/terms-and-conditions\/#breadcrumb","itemListElement":[{"@type":"ListItem","position":1,"name":"Home","item":"https:\/\/mydigitid.com\/"},{"@type":"ListItem","position":2,"name":"Terms and Conditions"}]},{"@type":"WebSite","@id":"https:\/\/mydigitid.com\/#website","url":"https:\/\/mydigitid.com\/","name":"My Digital ID","description":"For Beauty, Spa and massage centers","publisher":{"@id":"https:\/\/mydigitid.com\/#organization"},"potentialAction":[{"@type":"SearchAction","target":{"@type":"EntryPoint","urlTemplate":"https:\/\/mydigitid.com\/?s={search_term_string}"},"query-input":"required name=search_term_string"}],"inLanguage":"fr-FR"},{"@type":"Organization","@id":"https:\/\/mydigitid.com\/#organization","name":"My Digital ID","url":"https:\/\/mydigitid.com\/","logo":{"@type":"ImageObject","inLanguage":"fr-FR","@id":"https:\/\/mydigitid.com\/#\/schema\/logo\/image\/","url":"http:\/\/mydigitid.com\/wp-content\/uploads\/2023\/02\/logo-my-digital-identity.png","contentUrl":"http:\/\/mydigitid.com\/wp-content\/uploads\/2023\/02\/logo-my-digital-identity.png","width":360,"height":115,"caption":"My Digital ID"},"image":{"@id":"https:\/\/mydigitid.com\/#\/schema\/logo\/image\/"}}]}},"_links":{"self":[{"href":"https:\/\/mydigitid.com\/fr\/wp-json\/wp\/v2\/pages\/2"}],"collection":[{"href":"https:\/\/mydigitid.com\/fr\/wp-json\/wp\/v2\/pages"}],"about":[{"href":"https:\/\/mydigitid.com\/fr\/wp-json\/wp\/v2\/types\/page"}],"author":[{"embeddable":true,"href":"https:\/\/mydigitid.com\/fr\/wp-json\/wp\/v2\/users\/1"}],"replies":[{"embeddable":true,"href":"https:\/\/mydigitid.com\/fr\/wp-json\/wp\/v2\/comments?post=2"}],"version-history":[{"count":5,"href":"https:\/\/mydigitid.com\/fr\/wp-json\/wp\/v2\/pages\/2\/revisions"}],"predecessor-version":[{"id":358,"href":"https:\/\/mydigitid.com\/fr\/wp-json\/wp\/v2\/pages\/2\/revisions\/358"}],"wp:attachment":[{"href":"https:\/\/mydigitid.com\/fr\/wp-json\/wp\/v2\/media?parent=2"}],"curies":[{"name":"wp","href":"https:\/\/api.w.org\/{rel}","templated":true}]}}