{"id":3,"date":"2022-12-28T17:05:53","date_gmt":"2022-12-28T17:05:53","guid":{"rendered":"http:\/\/mydigitid.com\/?page_id=3"},"modified":"2023-02-01T15:42:51","modified_gmt":"2023-02-01T15:42:51","slug":"privacy-policy","status":"publish","type":"page","link":"https:\/\/mydigitid.com\/fr\/privacy-policy\/","title":{"rendered":"Politique de confidentialit\u00e9"},"content":{"rendered":"<div data-elementor-type=\"wp-page\" data-elementor-id=\"3\" class=\"elementor elementor-3\">\n\t\t\t\t\t\t<section class=\"elementor-section elementor-top-section elementor-element elementor-element-7d4fb033 elementor-section-boxed elementor-section-height-default elementor-section-height-default\" data-id=\"7d4fb033\" data-element_type=\"section\">\n\t\t\t\t\t\t<div class=\"elementor-container elementor-column-gap-default\">\n\t\t\t\t\t<div class=\"elementor-column elementor-col-100 elementor-top-column elementor-element elementor-element-601ca6c8\" data-id=\"601ca6c8\" data-element_type=\"column\">\n\t\t\t<div class=\"elementor-widget-wrap elementor-element-populated\">\n\t\t\t\t\t\t<div class=\"elementor-element elementor-element-77a119dc elementor-widget elementor-widget-text-editor\" data-id=\"77a119dc\" data-element_type=\"widget\" data-widget_type=\"text-editor.default\">\n\t\t\t\t<div class=\"elementor-widget-container\">\n\t\t\t<style>\/*! elementor - v3.19.0 - 07-02-2024 *\/\n.elementor-widget-text-editor.elementor-drop-cap-view-stacked .elementor-drop-cap{background-color:#69727d;color:#fff}.elementor-widget-text-editor.elementor-drop-cap-view-framed .elementor-drop-cap{color:#69727d;border:3px solid;background-color:transparent}.elementor-widget-text-editor:not(.elementor-drop-cap-view-default) .elementor-drop-cap{margin-top:8px}.elementor-widget-text-editor:not(.elementor-drop-cap-view-default) .elementor-drop-cap-letter{width:1em;height:1em}.elementor-widget-text-editor .elementor-drop-cap{float:left;text-align:center;line-height:1;font-size:50px}.elementor-widget-text-editor .elementor-drop-cap-letter{display:inline-block}<\/style>\t\t\t\t<h2>Politique de confidentialit\u00e9 pour My Digital Identity :<\/h2>\n<p>Chez My Digital Identity, nous comprenons l'importance de la confidentialit\u00e9 et de la s\u00e9curit\u00e9 des informations de nos clients.<\/p>\n<p>La pr\u00e9sente politique de confidentialit\u00e9 d\u00e9finit la base sur laquelle nous recueillons, stockons, utilisons et partageons les informations vous concernant et concernant votre entreprise.<\/p>\n<p><strong>Collection d'informations<\/strong><\/p>\n<p>Nous recueillons des informations sur vous et votre entreprise afin de vous fournir nos services web et de vous aider \u00e0 vous d\u00e9velopper sur le web. Ces informations peuvent inclure votre nom, vos coordonn\u00e9es, des informations sur votre entreprise et toute autre information que vous choisissez de nous fournir.<\/p>\n<p><strong>Utilisation des informations<\/strong><\/p>\n<p>Les informations que nous recueillons aupr\u00e8s de vous seront utilis\u00e9es pour vous fournir nos services web et vous aider \u00e0 vous d\u00e9velopper sur le web. Cela peut inclure l'utilisation de vos informations pour communiquer avec vous, r\u00e9pondre \u00e0 vos demandes, vous fournir des services et une assistance personnalis\u00e9s et am\u00e9liorer nos services.<\/p>\n<p><strong>Partage d'informations<\/strong><\/p>\n<p>Nous ne vendons pas, n'\u00e9changeons pas et ne transf\u00e9rons pas vos informations personnelles \u00e0 des tiers. Toutefois, nous pouvons partager vos informations avec nos partenaires et prestataires de services de confiance dans le but de vous fournir nos services et de vous aider \u00e0 vous d\u00e9velopper sur le web. Ces partenaires et prestataires de services sont li\u00e9s par des obligations de confidentialit\u00e9 et ne peuvent utiliser vos informations que conform\u00e9ment \u00e0 la pr\u00e9sente politique de confidentialit\u00e9.<\/p>\n<p><strong>S\u00e9curit\u00e9 des donn\u00e9es<\/strong><\/p>\n<p>Nous prenons la s\u00e9curit\u00e9 de vos informations au s\u00e9rieux et avons mis en \u0153uvre des mesures appropri\u00e9es pour prot\u00e9ger vos informations contre l'acc\u00e8s, l'utilisation ou la divulgation non autoris\u00e9s. Nous revoyons \u00e9galement r\u00e9guli\u00e8rement nos mesures de s\u00e9curit\u00e9 afin de garantir la s\u00e9curit\u00e9 de vos informations.<\/p>\n<p><strong>Acc\u00e8s et mise \u00e0 jour de vos informations<\/strong><\/p>\n<p>Vous avez le droit d'acc\u00e9der \u00e0 vos informations et de les mettre \u00e0 jour \u00e0 tout moment. Si vous souhaitez acc\u00e9der \u00e0 vos informations ou les mettre \u00e0 jour, veuillez nous contacter \u00e0 l'adresse suivante : <em>contact@mydigitid.com\u00a0<\/em><\/p>\n<p><strong>Modifications de la politique de confidentialit\u00e9<\/strong><\/p>\n<p>Nous pouvons mettre \u00e0 jour cette politique de confidentialit\u00e9 de temps \u00e0 autre pour refl\u00e9ter les changements dans nos pratiques ou pour nous conformer aux exigences l\u00e9gales. Nous vous informerons de toute modification apport\u00e9e \u00e0 la pr\u00e9sente politique de confidentialit\u00e9 en publiant la politique mise \u00e0 jour sur notre site web.<\/p>\n<p><strong>Contactez Nous<\/strong><\/p>\n<p>Si vous avez des questions ou des pr\u00e9occupations concernant la pr\u00e9sente politique de protection de la vie priv\u00e9e, veuillez nous contacter \u00e0 l'adresse suivante : <em>contact@mydigitid.com<\/em>\u00a0<\/p>\t\t\t\t\t\t<\/div>\n\t\t\t\t<\/div>\n\t\t\t\t\t<\/div>\n\t\t<\/div>\n\t\t\t\t\t<\/div>\n\t\t<\/section>\n\t\t\t\t<\/div>","protected":false},"excerpt":{"rendered":"<p>Privacy Policy for My Digital Identity : At My Digital Identity, we understand the importance of privacy and security of our clients&#8217; [&hellip;]<\/p>","protected":false},"author":1,"featured_media":0,"parent":0,"menu_order":0,"comment_status":"closed","ping_status":"open","template":"elementor_header_footer","meta":[],"yoast_head":"<!-- This site is optimized with the Yoast SEO plugin v21.1 - https:\/\/yoast.com\/wordpress\/plugins\/seo\/ -->\n<title>Privacy Policy - My Digital Identity<\/title>\n<meta name=\"robots\" content=\"index, follow, max-snippet:-1, max-image-preview:large, max-video-preview:-1\" \/>\n<link rel=\"canonical\" href=\"https:\/\/mydigitid.com\/fr\/privacy-policy\/\" \/>\n<meta property=\"og:locale\" content=\"fr_FR\" \/>\n<meta property=\"og:type\" content=\"article\" \/>\n<meta property=\"og:title\" content=\"Privacy Policy - My Digital Identity\" \/>\n<meta property=\"og:description\" content=\"Privacy Policy for My Digital Identity : At My Digital Identity, we understand the importance of privacy and security of our clients&#8217; [&hellip;]\" \/>\n<meta property=\"og:url\" content=\"https:\/\/mydigitid.com\/fr\/privacy-policy\/\" \/>\n<meta property=\"og:site_name\" content=\"My Digital Identity\" \/>\n<meta property=\"article:modified_time\" content=\"2023-02-01T15:42:51+00:00\" \/>\n<meta name=\"twitter:card\" content=\"summary_large_image\" \/>\n<meta name=\"twitter:label1\" content=\"Dur\u00e9e de lecture estim\u00e9e\" \/>\n\t<meta name=\"twitter:data1\" content=\"2 minutes\" \/>\n<script type=\"application\/ld+json\" class=\"yoast-schema-graph\">{\"@context\":\"https:\/\/schema.org\",\"@graph\":[{\"@type\":\"WebPage\",\"@id\":\"https:\/\/mydigitid.com\/privacy-policy\/\",\"url\":\"https:\/\/mydigitid.com\/privacy-policy\/\",\"name\":\"Privacy Policy - My Digital Identity\",\"isPartOf\":{\"@id\":\"https:\/\/mydigitid.com\/#website\"},\"datePublished\":\"2022-12-28T17:05:53+00:00\",\"dateModified\":\"2023-02-01T15:42:51+00:00\",\"breadcrumb\":{\"@id\":\"https:\/\/mydigitid.com\/privacy-policy\/#breadcrumb\"},\"inLanguage\":\"fr-FR\",\"potentialAction\":[{\"@type\":\"ReadAction\",\"target\":[\"https:\/\/mydigitid.com\/privacy-policy\/\"]}]},{\"@type\":\"BreadcrumbList\",\"@id\":\"https:\/\/mydigitid.com\/privacy-policy\/#breadcrumb\",\"itemListElement\":[{\"@type\":\"ListItem\",\"position\":1,\"name\":\"Home\",\"item\":\"https:\/\/mydigitid.com\/\"},{\"@type\":\"ListItem\",\"position\":2,\"name\":\"Privacy Policy\"}]},{\"@type\":\"WebSite\",\"@id\":\"https:\/\/mydigitid.com\/#website\",\"url\":\"https:\/\/mydigitid.com\/\",\"name\":\"My Digital ID\",\"description\":\"For Beauty, Spa and massage centers\",\"publisher\":{\"@id\":\"https:\/\/mydigitid.com\/#organization\"},\"potentialAction\":[{\"@type\":\"SearchAction\",\"target\":{\"@type\":\"EntryPoint\",\"urlTemplate\":\"https:\/\/mydigitid.com\/?s={search_term_string}\"},\"query-input\":\"required name=search_term_string\"}],\"inLanguage\":\"fr-FR\"},{\"@type\":\"Organization\",\"@id\":\"https:\/\/mydigitid.com\/#organization\",\"name\":\"My Digital ID\",\"url\":\"https:\/\/mydigitid.com\/\",\"logo\":{\"@type\":\"ImageObject\",\"inLanguage\":\"fr-FR\",\"@id\":\"https:\/\/mydigitid.com\/#\/schema\/logo\/image\/\",\"url\":\"http:\/\/mydigitid.com\/wp-content\/uploads\/2023\/02\/logo-my-digital-identity.png\",\"contentUrl\":\"http:\/\/mydigitid.com\/wp-content\/uploads\/2023\/02\/logo-my-digital-identity.png\",\"width\":360,\"height\":115,\"caption\":\"My Digital ID\"},\"image\":{\"@id\":\"https:\/\/mydigitid.com\/#\/schema\/logo\/image\/\"}}]}<\/script>\n<!-- \/ Yoast SEO plugin. -->","yoast_head_json":{"title":"Privacy Policy - My Digital Identity","robots":{"index":"index","follow":"follow","max-snippet":"max-snippet:-1","max-image-preview":"max-image-preview:large","max-video-preview":"max-video-preview:-1"},"canonical":"https:\/\/mydigitid.com\/fr\/privacy-policy\/","og_locale":"fr_FR","og_type":"article","og_title":"Privacy Policy - My Digital Identity","og_description":"Privacy Policy for My Digital Identity : At My Digital Identity, we understand the importance of privacy and security of our clients&#8217; [&hellip;]","og_url":"https:\/\/mydigitid.com\/fr\/privacy-policy\/","og_site_name":"My Digital Identity","article_modified_time":"2023-02-01T15:42:51+00:00","twitter_card":"summary_large_image","twitter_misc":{"Dur\u00e9e de lecture estim\u00e9e":"2 minutes"},"schema":{"@context":"https:\/\/schema.org","@graph":[{"@type":"WebPage","@id":"https:\/\/mydigitid.com\/privacy-policy\/","url":"https:\/\/mydigitid.com\/privacy-policy\/","name":"Privacy Policy - My Digital Identity","isPartOf":{"@id":"https:\/\/mydigitid.com\/#website"},"datePublished":"2022-12-28T17:05:53+00:00","dateModified":"2023-02-01T15:42:51+00:00","breadcrumb":{"@id":"https:\/\/mydigitid.com\/privacy-policy\/#breadcrumb"},"inLanguage":"fr-FR","potentialAction":[{"@type":"ReadAction","target":["https:\/\/mydigitid.com\/privacy-policy\/"]}]},{"@type":"BreadcrumbList","@id":"https:\/\/mydigitid.com\/privacy-policy\/#breadcrumb","itemListElement":[{"@type":"ListItem","position":1,"name":"Home","item":"https:\/\/mydigitid.com\/"},{"@type":"ListItem","position":2,"name":"Privacy Policy"}]},{"@type":"WebSite","@id":"https:\/\/mydigitid.com\/#website","url":"https:\/\/mydigitid.com\/","name":"My Digital ID","description":"For Beauty, Spa and massage centers","publisher":{"@id":"https:\/\/mydigitid.com\/#organization"},"potentialAction":[{"@type":"SearchAction","target":{"@type":"EntryPoint","urlTemplate":"https:\/\/mydigitid.com\/?s={search_term_string}"},"query-input":"required name=search_term_string"}],"inLanguage":"fr-FR"},{"@type":"Organization","@id":"https:\/\/mydigitid.com\/#organization","name":"My Digital ID","url":"https:\/\/mydigitid.com\/","logo":{"@type":"ImageObject","inLanguage":"fr-FR","@id":"https:\/\/mydigitid.com\/#\/schema\/logo\/image\/","url":"http:\/\/mydigitid.com\/wp-content\/uploads\/2023\/02\/logo-my-digital-identity.png","contentUrl":"http:\/\/mydigitid.com\/wp-content\/uploads\/2023\/02\/logo-my-digital-identity.png","width":360,"height":115,"caption":"My Digital ID"},"image":{"@id":"https:\/\/mydigitid.com\/#\/schema\/logo\/image\/"}}]}},"_links":{"self":[{"href":"https:\/\/mydigitid.com\/fr\/wp-json\/wp\/v2\/pages\/3"}],"collection":[{"href":"https:\/\/mydigitid.com\/fr\/wp-json\/wp\/v2\/pages"}],"about":[{"href":"https:\/\/mydigitid.com\/fr\/wp-json\/wp\/v2\/types\/page"}],"author":[{"embeddable":true,"href":"https:\/\/mydigitid.com\/fr\/wp-json\/wp\/v2\/users\/1"}],"replies":[{"embeddable":true,"href":"https:\/\/mydigitid.com\/fr\/wp-json\/wp\/v2\/comments?post=3"}],"version-history":[{"count":4,"href":"https:\/\/mydigitid.com\/fr\/wp-json\/wp\/v2\/pages\/3\/revisions"}],"predecessor-version":[{"id":333,"href":"https:\/\/mydigitid.com\/fr\/wp-json\/wp\/v2\/pages\/3\/revisions\/333"}],"wp:attachment":[{"href":"https:\/\/mydigitid.com\/fr\/wp-json\/wp\/v2\/media?parent=3"}],"curies":[{"name":"wp","href":"https:\/\/api.w.org\/{rel}","templated":true}]}}